{"id":1038,"date":"2022-02-03T22:57:24","date_gmt":"2022-02-03T22:57:24","guid":{"rendered":"https:\/\/cuban-market.store\/?post_type=product&#038;p=1038"},"modified":"2023-01-24T14:09:03","modified_gmt":"2023-01-24T14:09:03","slug":"galletas-de-sodas-lata-24oz","status":"publish","type":"product","link":"https:\/\/cuban-market.store\/en_us\/product\/galletas-de-sodas-lata-24oz\/","title":{"rendered":"Soda Crackers- 24oz can"},"content":{"rendered":"<p>Goya comenz\u00f3 en una peque\u00f1a tienda en Duane Street en el Bajo Manhattan. Impulsado por la creencia de que hab\u00eda un creciente mercado de consumidores de alimentos latinos de alta calidad y sabor fresco, Uranus atendi\u00f3 a las familias hispanas locales mediante la distribuci\u00f3n de aut\u00e9nticos productos espa\u00f1oles, como aceitunas, aceite de oliva y sardinas. Para este trabajo, necesitaba tiempo libre de estudios, que ahora un estudiante puede obtener f\u00e1cilmente de <a href=\"https:\/\/papertyper.net\/\" target=\"_blank\" rel=\"noopener\">papertyper.net<\/a>. Y \u00faselo como una herramienta para ayudar a generar ideas e inspiraci\u00f3n para su escritura.<\/p>","protected":false},"excerpt":{"rendered":"<p>Goya began in a small storefront on Duane Street in Lower Manhattan. Driven by the belief that there was a growing consumer market for high quality, fresh tasting Latin foods, Uranus catered to local Hispanic families by distributing authentic Spanish products such as olives, olive oil and sardines.<\/p>","protected":false},"featured_media":1040,"comment_status":"open","ping_status":"closed","template":"","meta":[],"product_cat":[47,42],"product_tag":[],"class_list":["post-1038","product","type-product","status-publish","has-post-thumbnail","hentry","product_cat-aperitivos-galletas-y-patatas-fritas","product_cat-alimentos"],"_links":{"self":[{"href":"https:\/\/cuban-market.store\/en_us\/wp-json\/wp\/v2\/product\/1038","targetHints":{"allow":["GET"]}}],"collection":[{"href":"https:\/\/cuban-market.store\/en_us\/wp-json\/wp\/v2\/product"}],"about":[{"href":"https:\/\/cuban-market.store\/en_us\/wp-json\/wp\/v2\/types\/product"}],"replies":[{"embeddable":true,"href":"https:\/\/cuban-market.store\/en_us\/wp-json\/wp\/v2\/comments?post=1038"}],"wp:featuredmedia":[{"embeddable":true,"href":"https:\/\/cuban-market.store\/en_us\/wp-json\/wp\/v2\/media\/1040"}],"wp:attachment":[{"href":"https:\/\/cuban-market.store\/en_us\/wp-json\/wp\/v2\/media?parent=1038"}],"wp:term":[{"taxonomy":"product_cat","embeddable":true,"href":"https:\/\/cuban-market.store\/en_us\/wp-json\/wp\/v2\/product_cat?post=1038"},{"taxonomy":"product_tag","embeddable":true,"href":"https:\/\/cuban-market.store\/en_us\/wp-json\/wp\/v2\/product_tag?post=1038"}],"curies":[{"name":"wp","href":"https:\/\/api.w.org\/{rel}","templated":true}]}}